{"id":14,"date":"2025-05-28T19:37:13","date_gmt":"2025-05-28T17:37:13","guid":{"rendered":"https:\/\/love-stitches.com\/?page_id=14"},"modified":"2025-06-06T16:57:24","modified_gmt":"2025-06-06T14:57:24","slug":"home","status":"publish","type":"page","link":"https:\/\/love-stitches.com\/","title":{"rendered":"Home"},"content":{"rendered":"<section id=\"main-section\" class=\"oxy-container-14-101 oxy-container container-2\"><div class=\"oxy-container-183-100-183-1 oxy-container container-3 oxy-container-183-100\"><a class=\"bde-container-link-183-101-183-1 bde-container-link bde-container-link-183-101 breakdance-link\" href=\"https:\/\/love-stitches.com\" target=\"_self\" data-type=\"url\">\n  \n  \n\t\n\n\n\n<img decoding=\"async\" class=\"oxy-image-183-102-183-1 oxy-image image-1 oxy-image-183-102\" src=\"https:\/\/love-stitches.com\/wp-content\/uploads\/2025\/06\/love-stitches-logo-120-120.png\" loading=\"lazy\">\n\n<\/a><div class=\"bde-menu-183-103-183-1 bde-menu menu-builder-1 bde-menu-183-103\">\n\n\n      \n        \n    <nav class=\"breakdance-menu breakdance-menu--collapse    \">\n    <button class=\"breakdance-menu-toggle breakdance-menu-toggle--squeeze\" type=\"button\" aria-label=\"Open Menu\" aria-expanded=\"false\" aria-controls=\"menu-103\">\n                  <span class=\"breakdance-menu-toggle-icon\">\n            <span class=\"breakdance-menu-toggle-lines\"><\/span>\n          <\/span>\n            <\/button>\n    \n  <ul class=\"breakdance-menu-list\" id=\"menu-103\">\n              \n      <li class=\"breakdance-menu-topbar\">\n            <a class=\"breakdance-menu-topbar-logo\" href=\"https:\/\/love-stitches.com\">\n                              <img decoding=\"async\" src=\"https:\/\/love-stitches.com\/wp-content\/uploads\/2025\/05\/love-stitches-logo.png\" alt=\"\" width=\"\" \/>\n                          <\/a>\n    \n              <button class=\"breakdance-menu-close-button\" type=\"button\">Close<\/button>\n          <\/li>\n  \n    <li class=\"breakdance-menu-item-183-104-183-1 breakdance-menu-item menu-link-1 breakdance-menu-item-183-104\">\n        \n            \n            \n\n    \n    \n    \n    \n    \n    <a class=\"breakdance-link breakdance-menu-link\" href=\"https:\/\/love-stitches.com\/\" target=\"_self\" data-type=\"url\"  >\n  P\u00e1gina Principal\n    <\/a>\n\n<\/li><li class=\"breakdance-menu-item-183-105-183-1 breakdance-menu-item breakdance-menu-item-183-105\">\n        \n            \n            \n\n    \n    \n    \n    \n    \n    <a class=\"breakdance-link breakdance-menu-link\" href=\"https:\/\/love-stitches.com\/pack-novias\" target=\"_self\" data-type=\"url\"  >\n  Packs NOVIAS\n    <\/a>\n\n<\/li><li class=\"breakdance-menu-item-183-106-183-1 breakdance-menu-item breakdance-menu-item-183-106\">\n        \n            \n            \n\n    \n    \n    \n    \n    \n    <a class=\"breakdance-link breakdance-menu-link\" href=\"https:\/\/love-stitches.com\/pack-comunion\/\" target=\"_self\" data-type=\"url\"  >\n  Pack COMUNI\u00d3N\n    <\/a>\n\n<\/li><li class=\"breakdance-menu-item-183-107-183-1 breakdance-menu-item breakdance-menu-item-183-107\">\n        \n            \n            \n\n    \n    \n    \n    \n    \n    <a class=\"breakdance-link breakdance-menu-link\" href=\"https:\/\/love-stitches.com\/pack-bautizo\/\" target=\"_self\" data-type=\"url\"  >\n  Pack BAUTIZO\n    <\/a>\n\n<\/li><li class=\"breakdance-menu-item-183-108-183-1 breakdance-menu-item breakdance-menu-item-183-108\">\n        \n            \n            \n\n    \n    \n    \n    \n    \n    <a class=\"breakdance-link breakdance-menu-link\" href=\"https:\/\/love-stitches.com\/bordando-recuerdos\/\" target=\"_self\" data-type=\"url\"  >\n  Pack BORDA TU MASCOTA <small>Colab. Pilar Rubio<\/small>\n    <\/a>\n\n<\/li><li class=\"breakdance-menu-item-183-109-183-1 breakdance-menu-item breakdance-menu-item-183-109\">\n        \n            \n            \n\n    \n    \n    \n    \n    \n    <a class=\"breakdance-link breakdance-menu-link\" href=\"https:\/\/love-stitches.com\/preguntas-frecuentes\/\" target=\"_self\" data-type=\"url\"  >\n  Preguntas Frecuentes\n    <\/a>\n\n<\/li>\n  <\/ul>\n  <\/nav>\n\n\n<\/div><\/div><div class=\"bde-button-14-102 bde-button main-links button-1\">\n    \n                        \n                        \n    \n    \n    \n    \n            \n                    \n            \n            \n\n    \n    \n    \n    \n    \n    <a class=\"breakdance-link button-atom button-atom--custom bde-button__button\" href=\"https:\/\/love-stitches.com\/pack-novias\/\" target=\"_self\" data-type=\"url\"  >\n\n    \n        <span class=\"button-atom__text\">Ver pack NOVIAS<\/span>\n\n        \n        \n                <\/a>\n\n    \n\n\n<\/div><div class=\"bde-button-14-106 bde-button main-links\">\n    \n                        \n                        \n    \n    \n    \n    \n            \n                    \n            \n            \n\n    \n    \n    \n    \n    \n    <a class=\"breakdance-link button-atom button-atom--custom bde-button__button\" href=\"https:\/\/love-stitches.com\/pack-comunion\/\" target=\"_self\" data-type=\"url\"  >\n\n    \n        <span class=\"button-atom__text\">Ver pack COMUNI\u00d3N<\/span>\n\n        \n        \n                <\/a>\n\n    \n\n\n<\/div><div class=\"bde-button-14-107 bde-button main-links\">\n    \n                        \n                        \n    \n    \n    \n    \n            \n                    \n            \n            \n\n    \n    \n    \n    \n    \n    <a class=\"breakdance-link button-atom button-atom--custom bde-button__button\" href=\"https:\/\/love-stitches.com\/pack-bautizo\/\" target=\"_self\" data-type=\"url\"  >\n\n    \n        <span class=\"button-atom__text\">Ver pack BAUTIZO<\/span>\n\n        \n        \n                <\/a>\n\n    \n\n\n<\/div><div class=\"bde-button-14-110 bde-button main-links\">\n    \n                        \n                        \n    \n    \n    \n    \n            \n                    \n            \n            \n\n    \n    \n    \n    \n    \n    <a class=\"breakdance-link button-atom button-atom--custom bde-button__button\" href=\"https:\/\/love-stitches.com\/bordando-recuerdos\/\" target=\"_self\" data-type=\"url\"  >\n\n    \n        <span class=\"button-atom__text\">Ver pack BORDA TU MASCOTA\u00a0<small>(Colab.\u00a0Pilar Rubio)<\/small><\/span>\n\n        \n        \n                <\/a>\n\n    \n\n\n<\/div><\/section>","protected":false},"excerpt":{"rendered":"<p>Close P\u00e1gina Principal Packs NOVIAS Pack COMUNI\u00d3N Pack BAUTIZO Pack BORDA TU MASCOTA Colab. Pilar Rubio Preguntas Frecuentes Ver pack NOVIAS Ver pack COMUNI\u00d3N Ver pack BAUTIZO Ver pack BORDA TU MASCOTA\u00a0(Colab.\u00a0Pilar Rubio)<\/p>\n","protected":false},"author":1,"featured_media":0,"parent":0,"menu_order":0,"comment_status":"closed","ping_status":"closed","template":"","meta":{"_oxygen_hide_in_design_set":false,"_oxygen_tags":"","_joinchat":[],"footnotes":""},"class_list":["post-14","page","type-page","status-publish","hentry"],"_links":{"self":[{"href":"https:\/\/love-stitches.com\/index.php?rest_route=\/wp\/v2\/pages\/14","targetHints":{"allow":["GET"]}}],"collection":[{"href":"https:\/\/love-stitches.com\/index.php?rest_route=\/wp\/v2\/pages"}],"about":[{"href":"https:\/\/love-stitches.com\/index.php?rest_route=\/wp\/v2\/types\/page"}],"author":[{"embeddable":true,"href":"https:\/\/love-stitches.com\/index.php?rest_route=\/wp\/v2\/users\/1"}],"replies":[{"embeddable":true,"href":"https:\/\/love-stitches.com\/index.php?rest_route=%2Fwp%2Fv2%2Fcomments&post=14"}],"version-history":[{"count":16,"href":"https:\/\/love-stitches.com\/index.php?rest_route=\/wp\/v2\/pages\/14\/revisions"}],"predecessor-version":[{"id":212,"href":"https:\/\/love-stitches.com\/index.php?rest_route=\/wp\/v2\/pages\/14\/revisions\/212"}],"wp:attachment":[{"href":"https:\/\/love-stitches.com\/index.php?rest_route=%2Fwp%2Fv2%2Fmedia&parent=14"}],"curies":[{"name":"wp","href":"https:\/\/api.w.org\/{rel}","templated":true}]}}